{"id":5022,"date":"2016-03-28T18:09:36","date_gmt":"2016-03-28T17:09:36","guid":{"rendered":"http:\/\/marylineprouetconseil.com\/index.php\/vos-besoins-copy-copy-copy\/"},"modified":"2021-11-26T17:04:14","modified_gmt":"2021-11-26T16:04:14","slug":"actu","status":"publish","type":"page","link":"https:\/\/marylineprouetconseil.com\/index.php\/actu\/","title":{"rendered":"Actu"},"content":{"rendered":"<!--themify_builder_content-->\n<div id=\"themify_builder_content-5022\" data-postid=\"5022\" class=\"themify_builder_content themify_builder_content-5022 themify_builder tf_clear\">\n    \t<!-- module_row -->\n\t<div  data-lazy=\"1\" class=\"module_row themify_builder_row tb_t4ig340 tb_first tf_clearfix\">\n\t    \t\t<div class=\"row_inner col_align_top tf_box tf_w tf_rel\">\n\t\t\t<div  data-lazy=\"1\" class=\"module_column tb-column col4-2  first tb_k0p6027 tf_box\">\n\t\t\t    \t        <div class=\"tb-column-inner tf_box tf_w\">\n\t\t    <!-- module text -->\n<div  class=\"module module-text tb_pdfp225   \" data-lazy=\"1\">\n        <div  class=\"tb_text_wrap\">\n    <table><tr valign=\"bottom\"><td><img loading=\"lazy\" decoding=\"async\" class=\"size-thumbnail wp-image-5249 alignnone\" src=\"http:\/\/marylineprouetconseil.com\/wp-content\/uploads\/2016\/04\/avatar-150x150.png\" alt=\"avatar\" width=\"150\" height=\"150\" srcset=\"https:\/\/marylineprouetconseil.com\/wp-content\/uploads\/2016\/04\/avatar-150x150.png 150w, https:\/\/marylineprouetconseil.com\/wp-content\/uploads\/2016\/04\/avatar.png 220w\" sizes=\"auto, (max-width: 150px) 100vw, 150px\" \/><\/td><td><h1>ACTU<\/h1><\/td><\/tr><\/table>    <\/div>\n<\/div>\n<!-- \/module text -->\t        <\/div>\n\t    \t<\/div>\n\t\t<div  data-lazy=\"1\" class=\"module_column tb-column col4-2  last tb_7awb255 tf_box\">\n\t\t\t    \t<\/div>\n\t\t    <\/div>\n\t    <!-- \/row_inner -->\n\t<\/div>\n\t<!-- \/module_row -->\n\t\t<!-- module_row -->\n\t<div  data-lazy=\"1\" class=\"module_row themify_builder_row tb_f83c050 tf_clearfix\" >\n\t    \t\t<div class=\"row_inner col_align_top tf_box tf_w tf_rel\">\n\t\t\t<div  data-lazy=\"1\" class=\"module_column tb-column col-full  first tb_76cx442 tf_box\">\n\t\t\t    \t        <div class=\"tb-column-inner tf_box tf_w\">\n\t\t    <!-- module post -->\n<div  class=\"module module-post tb_nmjj667 \">\n        <div  class=\"builder-posts-wrap loops-wrapper grid2-thumb masonry classic tf_rel tf_clear tf_clearfix\" data-lazy=\"1\">\n\t<article id=\"post-5378\" class=\"post tf_clearfix post-5378 type-post status-publish format-standard hentry category-actu has-post-title has-post-date has-post-category has-post-tag has-post-comment has-post-author   cat-51\">\n\t    \n\t\t\t<a href=\"https:\/\/marylineprouetconseil.com\/index.php\/2017\/03\/13\/le-digital-a-lhonneur-au-colloque-emcc-du-10-mars\/\" aria-label=\"Le digital \u00e0 l&rsquo;honneur au Colloque EMCC du 10 mars\" data-post-permalink=\"yes\" style=\"display: none;\"><\/a>\n\t    \t<div class=\"post-content\">\n\t\t<div class=\"post-content-inner\">\n\n\t\t\t\t\t\t\t\t<div class=\"post-date-wrap post-date-inline\">\n\t\t<time class=\"post-date entry-date updated\" datetime=\"2017-03-13\">\n\t\t\t\t\t<span class=\"year\">13 mars 2017<\/span>\n\t\t\t\t<\/time>\n\t<\/div><!-- .post-date-wrap -->\n\t\t\t\t\n\t\t\t<h2 class=\"post-title entry-title\"><a href=\"https:\/\/marylineprouetconseil.com\/index.php\/2017\/03\/13\/le-digital-a-lhonneur-au-colloque-emcc-du-10-mars\/\">Le digital \u00e0 l&rsquo;honneur au Colloque EMCC du 10 mars<\/a><\/h2>\n\t\t\t\n\t\t\t\n\t\t\t\t<div class=\"entry-content\">\n\n        \n\t\t\t\t<p>Timoth\u00e9e Ferras, Pr\u00e9sident The Place To Coach, Sophie Quintin et Maryline Prouet ont anim\u00e9 un atelier exp\u00e9rientiel\u00a0au Colloque EMCC du 10 mars : Les nouvelles technologies au service du lien social et du bien commun.\u00a035 participants ont ainsi exp\u00e9riment\u00e9 la mise en relation via un algorithme de matching prenant en compte des citations li\u00e9es \u00e0 [&hellip;]<\/p>\n\t\t\n\t\t\t    \n\t\t    <p><a href=\"https:\/\/marylineprouetconseil.com\/index.php\/2017\/03\/13\/le-digital-a-lhonneur-au-colloque-emcc-du-10-mars\/\" class=\"more-link\">PLUS<\/a><\/p>\n\n\t\t\n\t    \n\t<\/div><!-- \/.entry-content -->\n\t\n\t\t<\/div>\n\t\t<!-- \/.post-content-inner -->\n\t<\/div>\n\t<!-- \/.post-content -->\n\t\n<\/article>\n<!-- \/.post -->\n<article id=\"post-5372\" class=\"post tf_clearfix post-5372 type-post status-publish format-standard hentry category-actu has-post-title has-post-date has-post-category has-post-tag has-post-comment has-post-author   cat-51\">\n\t    \n\t\t\t<a href=\"https:\/\/marylineprouetconseil.com\/index.php\/2016\/06\/03\/les-nouveaux-roles-du-formateur-dans-les-dispositifs-digitaux\/\" aria-label=\"Les nouveaux r\u00f4les du formateur dans les dispositifs digitaux\" data-post-permalink=\"yes\" style=\"display: none;\"><\/a>\n\t    \t<div class=\"post-content\">\n\t\t<div class=\"post-content-inner\">\n\n\t\t\t\t\t\t\t\t<div class=\"post-date-wrap post-date-inline\">\n\t\t<time class=\"post-date entry-date updated\" datetime=\"2016-06-03\">\n\t\t\t\t\t<span class=\"year\">3 juin 2016<\/span>\n\t\t\t\t<\/time>\n\t<\/div><!-- .post-date-wrap -->\n\t\t\t\t\n\t\t\t<h2 class=\"post-title entry-title\"><a href=\"https:\/\/marylineprouetconseil.com\/index.php\/2016\/06\/03\/les-nouveaux-roles-du-formateur-dans-les-dispositifs-digitaux\/\">Les nouveaux r\u00f4les du formateur dans les dispositifs digitaux<\/a><\/h2>\n\t\t\t\n\t\t\t\n\t\t\t\t<div class=\"entry-content\">\n\n        \n\t\t\t\t<p>Le 17 mai, MPCC intervenait sur cette th\u00e9matique\u00a0dans la journ\u00e9e organis\u00e9e par Go Fluent et Personea dans les salons France-Am\u00e9rique. Le digital transforme le r\u00f4le du formateur qui devient impulseur, facilitateur, voire agitateur (de neurones !). Il passe du r\u00f4le de \u00ab\u00a0sachant\u00a0\u00bb \u00e0 un r\u00f4le de guide,\u00a0coach, tuteur ou mentor pour amener l&rsquo;apprenant \u00e0 construire [&hellip;]<\/p>\n\t\t\n\t\t\t    \n\t\t    <p><a href=\"https:\/\/marylineprouetconseil.com\/index.php\/2016\/06\/03\/les-nouveaux-roles-du-formateur-dans-les-dispositifs-digitaux\/\" class=\"more-link\">PLUS<\/a><\/p>\n\n\t\t\n\t    \n\t<\/div><!-- \/.entry-content -->\n\t\n\t\t<\/div>\n\t\t<!-- \/.post-content-inner -->\n\t<\/div>\n\t<!-- \/.post-content -->\n\t\n<\/article>\n<!-- \/.post -->\n<article id=\"post-5304\" class=\"post tf_clearfix post-5304 type-post status-publish format-standard hentry category-actu has-post-title has-post-date has-post-category has-post-tag has-post-comment has-post-author   cat-51\">\n\t    \n\t\t\t<a href=\"https:\/\/marylineprouetconseil.com\/index.php\/2016\/04\/28\/evenement-be-bohp-au-train-bleu-paris-gare-de-lyon\/\" aria-label=\"Atelier \u00abBe BOHP\u00a9\u00bb  &#8211; RV le 25 mai \u2013 Paris\" data-post-permalink=\"yes\" style=\"display: none;\"><\/a>\n\t    \t<div class=\"post-content\">\n\t\t<div class=\"post-content-inner\">\n\n\t\t\t\t\t\t\t\t<div class=\"post-date-wrap post-date-inline\">\n\t\t<time class=\"post-date entry-date updated\" datetime=\"2016-04-28\">\n\t\t\t\t\t<span class=\"year\">28 avril 2016<\/span>\n\t\t\t\t<\/time>\n\t<\/div><!-- .post-date-wrap -->\n\t\t\t\t\n\t\t\t<h2 class=\"post-title entry-title\"><a href=\"https:\/\/marylineprouetconseil.com\/index.php\/2016\/04\/28\/evenement-be-bohp-au-train-bleu-paris-gare-de-lyon\/\">Atelier \u00abBe BOHP\u00a9\u00bb  &#8211; RV le 25 mai \u2013 Paris<\/a><\/h2>\n\t\t\t\n\t\t\t\n\t\t\t\t<div class=\"entry-content\">\n\n        \n\t\t\t\t<p>Responsables RH et financiers, dirigeants, consultants, nous vous invitons \u00e0 adopter la d\u00e9marche\u00a0\u00ab\u00a0Be BOHP\u00a9\u00bb le 25 mai prochain. A partir de 9 h 00, venez prendre un petit d\u00e9jeuner dans un lieu convivial. Un atelier vous sera ensuite propos\u00e9 de 9 h 30 \u00e0 11 h 30\u00a0: Comment identifier les co\u00fbts cach\u00e9s du non-d\u00e9veloppement des [&hellip;]<\/p>\n\t\t\n\t\t\t    \n\t\t    <p><a href=\"https:\/\/marylineprouetconseil.com\/index.php\/2016\/04\/28\/evenement-be-bohp-au-train-bleu-paris-gare-de-lyon\/\" class=\"more-link\">PLUS<\/a><\/p>\n\n\t\t\n\t    \n\t<\/div><!-- \/.entry-content -->\n\t\n\t\t<\/div>\n\t\t<!-- \/.post-content-inner -->\n\t<\/div>\n\t<!-- \/.post-content -->\n\t\n<\/article>\n<!-- \/.post -->\n<article id=\"post-5299\" class=\"post tf_clearfix post-5299 type-post status-publish format-standard hentry category-actu has-post-title has-post-date has-post-category has-post-tag has-post-comment has-post-author   cat-51\">\n\t    \n\t\t\t<a href=\"https:\/\/marylineprouetconseil.com\/index.php\/2016\/03\/28\/salon-solutions-rh-22-au-24-mars-paris-2\/\" aria-label=\"Salon Solutions RH &#8211; 22 au 24 mars &#8211; Paris\" data-post-permalink=\"yes\" style=\"display: none;\"><\/a>\n\t    \t<div class=\"post-content\">\n\t\t<div class=\"post-content-inner\">\n\n\t\t\t\t\t\t\t\t<div class=\"post-date-wrap post-date-inline\">\n\t\t<time class=\"post-date entry-date updated\" datetime=\"2016-03-28\">\n\t\t\t\t\t<span class=\"year\">28 mars 2016<\/span>\n\t\t\t\t<\/time>\n\t<\/div><!-- .post-date-wrap -->\n\t\t\t\t\n\t\t\t<h2 class=\"post-title entry-title\"><a href=\"https:\/\/marylineprouetconseil.com\/index.php\/2016\/03\/28\/salon-solutions-rh-22-au-24-mars-paris-2\/\">Salon Solutions RH &#8211; 22 au 24 mars &#8211; Paris<\/a><\/h2>\n\t\t\t\n\t\t\t\n\t\t\t\t<div class=\"entry-content\">\n\n        \n\t\t\t\t<p>Merci d\u2019avoir \u00e9t\u00e9 nombreux \u00e0 me rejoindre sur le stand F7 pour en savoir plus sur les activit\u00e9s et domaines d\u2019intervention de MP Coaching &amp; Conseil. C\u2019est \u00e9galement devant une salle pleine que j\u2019ai eu le plaisir de co-animer l\u2019atelier du\u00a024 mars\u00a0:\u00a0DRH et transformation digitale\u00a0: comment prouver son retour sur investissement financier\u00a0? En compagnie de [&hellip;]<\/p>\n\t\t\n\t\t\t    \n\t\t    <p><a href=\"https:\/\/marylineprouetconseil.com\/index.php\/2016\/03\/28\/salon-solutions-rh-22-au-24-mars-paris-2\/\" class=\"more-link\">PLUS<\/a><\/p>\n\n\t\t\n\t    \n\t<\/div><!-- \/.entry-content -->\n\t\n\t\t<\/div>\n\t\t<!-- \/.post-content-inner -->\n\t<\/div>\n\t<!-- \/.post-content -->\n\t\n<\/article>\n<!-- \/.post -->\n    <\/div><!-- .builder-posts-wrap -->\n        <\/div>\n<!-- \/module post -->\n\t        <\/div>\n\t    \t<\/div>\n\t\t    <\/div>\n\t    <!-- \/row_inner -->\n\t<\/div>\n\t<!-- \/module_row -->\n\t<\/div>\n<!--\/themify_builder_content-->","protected":false},"excerpt":{"rendered":"<p>ACTU<\/p>\n","protected":false},"author":1,"featured_media":0,"parent":0,"menu_order":0,"comment_status":"closed","ping_status":"closed","template":"","meta":{"footnotes":""},"class_list":["post-5022","page","type-page","status-publish","hentry","has-post-title","has-post-date","has-post-category","has-post-tag","has-post-comment","has-post-author",""],"builder_content":"<table><tr valign=\"bottom\"><td><img loading=\"lazy\" decoding=\"async\" src=\"http:\/\/marylineprouetconseil.com\/wp-content\/uploads\/2016\/04\/avatar-150x150.png\" alt=\"avatar\" width=\"150\" height=\"150\" srcset=\"https:\/\/marylineprouetconseil.com\/wp-content\/uploads\/2016\/04\/avatar-150x150.png 150w, https:\/\/marylineprouetconseil.com\/wp-content\/uploads\/2016\/04\/avatar.png 220w\" sizes=\"auto, (max-width: 150px) 100vw, 150px\" \/><\/td><td><h1>ACTU<\/h1><\/td><\/tr><\/table>","_links":{"self":[{"href":"https:\/\/marylineprouetconseil.com\/index.php\/wp-json\/wp\/v2\/pages\/5022","targetHints":{"allow":["GET"]}}],"collection":[{"href":"https:\/\/marylineprouetconseil.com\/index.php\/wp-json\/wp\/v2\/pages"}],"about":[{"href":"https:\/\/marylineprouetconseil.com\/index.php\/wp-json\/wp\/v2\/types\/page"}],"author":[{"embeddable":true,"href":"https:\/\/marylineprouetconseil.com\/index.php\/wp-json\/wp\/v2\/users\/1"}],"replies":[{"embeddable":true,"href":"https:\/\/marylineprouetconseil.com\/index.php\/wp-json\/wp\/v2\/comments?post=5022"}],"version-history":[{"count":5,"href":"https:\/\/marylineprouetconseil.com\/index.php\/wp-json\/wp\/v2\/pages\/5022\/revisions"}],"predecessor-version":[{"id":5495,"href":"https:\/\/marylineprouetconseil.com\/index.php\/wp-json\/wp\/v2\/pages\/5022\/revisions\/5495"}],"wp:attachment":[{"href":"https:\/\/marylineprouetconseil.com\/index.php\/wp-json\/wp\/v2\/media?parent=5022"}],"curies":[{"name":"wp","href":"https:\/\/api.w.org\/{rel}","templated":true}]}}