{"id":2512,"date":"2016-01-10T00:32:45","date_gmt":"2016-01-10T00:32:45","guid":{"rendered":"https:\/\/themify.me\/demo\/themes\/landing\/?page_id=2512"},"modified":"2024-09-17T12:46:54","modified_gmt":"2024-09-17T11:46:54","slug":"demo-pages","status":"publish","type":"page","link":"https:\/\/marylineprouetconseil.com\/","title":{"rendered":"Home"},"content":{"rendered":"<!--themify_builder_content-->\n<div id=\"themify_builder_content-2512\" data-postid=\"2512\" class=\"themify_builder_content themify_builder_content-2512 themify_builder tf_clear\">\n    \t<!-- module_row -->\n\t<div  data-css_id=\"aqal822\" data-lazy=\"1\" class=\"module_row themify_builder_row fullcover fullwidth_row_container tb_aqal822 tb_first tf_clearfix\" >\n\t    <div class=\"tf_abs builder_row_cover\"><\/div>\t\t<div class=\"row_inner col_align_top tf_box tf_w tf_rel\">\n\t\t\t<div  data-lazy=\"1\" class=\"module_column tb-column col-full first tb_1g4q823 tf_box\">\n\t\t\t    \t        <div class=\"tb-column-inner tf_box tf_w\">\n\t\t    <!-- module text -->\n<div  class=\"module module-text tb_lfi6824   \" data-lazy=\"1\">\n        <div  class=\"tb_text_wrap\">\n    <p>\u00a0<\/p><p>\u00a0<\/p><p><strong>\u00ab\u00a0Ce n\u2019est pas parce que les choses sont difficiles que nous n\u2019osons pas les faire, c\u2019est parce que nous n\u2019osons pas les faire qu\u2019elles sont difficiles.\u00a0\u00bb<\/strong><\/p><p><em>S\u00e9n\u00e8que<\/em><\/p>    <\/div>\n<\/div>\n<!-- \/module text -->\t        <\/div>\n\t    \t<\/div>\n\t\t    <\/div>\n\t    <!-- \/row_inner -->\n\t<\/div>\n\t<!-- \/module_row -->\n\t\t<!-- module_row -->\n\t<div  data-desktop-padding=\"4%,4%\" data-css_id=\"tdu0822\" data-lazy=\"1\" class=\"module_row themify_builder_row fullwidth_row_container tb_tdu0822 tf_clearfix\" >\n\t    \t\t<div class=\"row_inner col_align_top tf_box tf_w tf_rel\">\n\t\t\t<div  data-lazy=\"1\" class=\"module_column tb-column col-full first tb_uawo826 tf_box\">\n\t\t\t    \t        <div class=\"tb-column-inner tf_box tf_w\">\n\t\t    <!-- module text -->\n<div  class=\"module module-text tb_023d826   \" data-lazy=\"1\">\n        <div  class=\"tb_text_wrap\">\n    <h5 style=\"text-align: center;\"><span style=\"color: #8b807c;\"><strong><b>Dirigeants, managers, entrepreneurs,<\/b><\/strong><\/span><br \/>je mets \u00e0 votre service mon<strong><span style=\"color: #000000;\"> <a style=\"color: #000000;\" href=\"http:\/\/marylineprouetconseil.com\/index.php\/qui-suis-je\/\">exp\u00e9rience professionnelle<\/a> <\/span><\/strong>alli\u00e9e \u00e0 des ressources et valeurs personnelles.<\/h5>    <\/div>\n<\/div>\n<!-- \/module text --><!-- module text -->\n<div  class=\"module module-text tb_qb43826   \" data-lazy=\"1\">\n        <div  class=\"tb_text_wrap\">\n    <h4 style=\"text-align: center;\"><strong><span style=\"color: #f99d33;\">Bilan de comp\u00e9tences,<\/span> <span style=\"color: #e86e25;\">Formation<\/span> <span style=\"color: #af4596;\">et Coaching<\/span><\/strong><\/h4>\n<p style=\"font-weight: 400; text-align: center;\"><strong>Trois ressources compl\u00e9mentaires<\/strong> <br \/>pour faciliter vos transitions professionnelles,\u00a0<br \/>accompagner vos projets et d\u00e9velopper autonomie individuelle <br \/>ou collective.<\/p>    <\/div>\n<\/div>\n<!-- \/module text -->\t<div  data-lazy=\"1\" class=\"module_subrow themify_builder_sub_row tb_85ox827 tf_w tf_clearfix\">\n\t    \t\t<div class=\"subrow_inner col_align_top tf_box tf_w\">\n\t\t\t<div  data-lazy=\"1\" class=\"sub_column module_column tf_box col3-1 first tb_pak8827\" > \n\t    \t    \t        <div class=\"tb-column-inner tf_box tf_w\">\n\t\t    <!-- module feature -->\n<div  class=\"module module-feature tb_px5j828 with-chart layout-icon-top size-small \" data-layout-mobile=\"icon-left\" data-layout-desktop=\"icon-top\" data-lazy=\"1\">\n        <div class=\"module-feature-image tf_textc tf_rel\">\n\t\t\t\t\t\t\t<span class=\"module-feature-chart-html5 tf_box tf_rel tf_inline_b\">\n\t\t\t\t\t\t\t<svg class=\"tf_abs tf_w tf_h\">\n\t\t\t\t<circle class=\"tb_feature_fill\" r=\"calc(50% - 1px)\" cx=\"50%\" cy=\"50%\" stroke-width=\"2\"\/>\n\t\t\t\t<circle class=\"tb_feature_stroke\" r=\"calc(50% - 1px)\" cx=\"50%\" cy=\"50%\" stroke=\"#F99D33\" stroke-width=\"2\" data-progress=\"100\" stroke-dasharray=\"0,10000\"\/>\n\t\t\t\t\t\t\t\t<\/svg>\n\t\t\t\t\t\t<span class=\"chart-html5-circle tf_w tf_h\">\n\t\t\t\t\t\t\t\t\t\t\t\t\t\t\t<em class=\"module-feature-icon tf_rel\" style=\"color:#F99D33\"><svg  aria-hidden=\"true\" class=\"tf_fa tf-far-comments\"><use href=\"#tf-far-comments\"><\/use><\/svg><\/em>\n\t\t\t\t\t\t\t\t\t\t\t\t   <\/span>\n\t\t\t<\/span>\n\t\t\t    <\/div>\n    <div class=\"module-feature-content tf_textc\">\n\t\t\t\t<div class=\"tb_text_wrap\">\n\t\t\t<h4><span style=\"color: #f99d33;\">Bilan de comp\u00e9tences<br \/><br \/><\/span><\/h4>\n<p style=\"text-align: center;\"><strong>Vous vous interrogez sur votre avenir professionnel ?<\/strong><\/p>\n<p style=\"text-align: left;\"><span style=\"color: #ff9900; text-align: left;\"><a style=\"color: #f99d33;\" href=\"https:\/\/marylineprouetconseil.com\/index.php\/bilan-de-competences\/\">Le bilan de comp\u00e9tences vous permettra :<\/a><\/span><\/p>\n<ul>\n<li style=\"text-align: left;\">d\u2019analyser vos comp\u00e9tences personnelles et professionnelles, vos aptitudes et vos motivations,<\/li>\n<li style=\"text-align: left;\">de d\u00e9finir votre projet professionnel et, le cas \u00e9ch\u00e9ant, un projet de formation,<\/li>\n<li style=\"text-align: left;\">d\u2019utiliser vos atouts pour pouvoir n\u00e9gocier un emploi, une formation ou une \u00e9volution de carri\u00e8re.<\/li>\n<\/ul>\n<p>\u00a0<\/p>\n<p><a href=\"https:\/\/www.moncompteformation.gouv.fr\/espace-prive\/html\/#\/\" target=\"_blank\" rel=\"noopener\"><img loading=\"lazy\" decoding=\"async\" class=\"aligncenter wp-image-5620 size-medium\" src=\"https:\/\/marylineprouetconseil.com\/wp-content\/uploads\/2022\/01\/CPF-300x300.png\" alt=\"Mon compte formation\" width=\"300\" height=\"300\" srcset=\"https:\/\/marylineprouetconseil.com\/wp-content\/uploads\/2022\/01\/CPF-300x300.png 300w, https:\/\/marylineprouetconseil.com\/wp-content\/uploads\/2022\/01\/CPF-150x150.png 150w, https:\/\/marylineprouetconseil.com\/wp-content\/uploads\/2022\/01\/CPF.png 533w\" sizes=\"auto, (max-width: 300px) 100vw, 300px\" \/><\/a><\/p>\t\t<\/div>\n    <\/div>\n<\/div>\n<!-- \/module feature -->\n\t        <\/div>\n\t    \t<\/div>\n\t\t<div  data-lazy=\"1\" class=\"sub_column module_column tf_box col3-1 middle tb_hq0r828\" > \n\t    \t    \t        <div class=\"tb-column-inner tf_box tf_w\">\n\t\t    <!-- module feature -->\n<div  class=\"module module-feature tb_jts4828 with-chart layout-icon-top size-small \" data-layout-mobile=\"icon-left\" data-layout-desktop=\"icon-top\" data-lazy=\"1\">\n        <div class=\"module-feature-image tf_textc tf_rel\">\n\t\t\t\t\t\t\t<span class=\"module-feature-chart-html5 tf_box tf_rel tf_inline_b\">\n\t\t\t\t\t\t\t<svg class=\"tf_abs tf_w tf_h\">\n\t\t\t\t<circle class=\"tb_feature_fill\" r=\"calc(50% - 1px)\" cx=\"50%\" cy=\"50%\" stroke-width=\"2\"\/>\n\t\t\t\t<circle class=\"tb_feature_stroke\" r=\"calc(50% - 1px)\" cx=\"50%\" cy=\"50%\" stroke=\"#E86E25\" stroke-width=\"2\" data-progress=\"100\" stroke-dasharray=\"0,10000\"\/>\n\t\t\t\t\t\t\t\t<\/svg>\n\t\t\t\t\t\t<span class=\"chart-html5-circle tf_w tf_h\">\n\t\t\t\t\t\t\t\t\t\t\t\t\t\t\t<em class=\"module-feature-icon tf_rel\" style=\"color:#E86E25\"><svg  aria-hidden=\"true\" class=\"tf_fa tf-fas-graduation-cap\"><use href=\"#tf-fas-graduation-cap\"><\/use><\/svg><\/em>\n\t\t\t\t\t\t\t\t\t\t\t\t   <\/span>\n\t\t\t<\/span>\n\t\t\t    <\/div>\n    <div class=\"module-feature-content tf_textc\">\n\t\t\t\t<div class=\"tb_text_wrap\">\n\t\t\t<h4 style=\"text-align: center;\"><span style=\"color: #e86e25;\">FORMATION<br \/><br \/><\/span><\/h4>\n<p style=\"text-align: left;\"><strong>Comment faites-vous face aux changements ?<\/strong><br \/><a href=\"https:\/\/marylineprouetconseil.com\/index.php\/formation\/\"><br \/>La formation est cl\u00e9 pour approfondir des savoir-faire et ancrer des savoir-\u00eatre\u00a0gr\u00e2ce \u00e0 :<\/a><\/p>\n<ul>\n<li style=\"text-align: left;\">une p\u00e9dagogie ludique et dynamique,<\/li>\n<li style=\"text-align: left;\">une animation stimulante bas\u00e9e sur le plaisir de d\u00e9couvrir et d\u2019\u00e9changer en groupe,<\/li>\n<li style=\"text-align: left;\">des m\u00e9thodes visuelles pour lib\u00e9rer la cr\u00e9ativit\u00e9,<\/li>\n<li style=\"text-align: left;\">une approche globale pour faciliter les apprentissages et passer \u00e0 l&rsquo;action.<\/li>\n<\/ul>\t\t<\/div>\n    <\/div>\n<\/div>\n<!-- \/module feature -->\n\t        <\/div>\n\t    \t<\/div>\n\t\t<div  data-lazy=\"1\" class=\"sub_column module_column tf_box col3-1 last tb_w80w828\" > \n\t    \t    \t        <div class=\"tb-column-inner tf_box tf_w\">\n\t\t    <!-- module feature -->\n<div  class=\"module module-feature tb_zrlf828 with-chart layout-icon-top size-small \" data-layout-mobile=\"icon-left\" data-layout-desktop=\"icon-top\" data-lazy=\"1\">\n        <div class=\"module-feature-image tf_textc tf_rel\">\n\t\t\t\t\t\t\t<span class=\"module-feature-chart-html5 tf_box tf_rel tf_inline_b\">\n\t\t\t\t\t\t\t<svg class=\"tf_abs tf_w tf_h\">\n\t\t\t\t<circle class=\"tb_feature_fill\" r=\"calc(50% - 1px)\" cx=\"50%\" cy=\"50%\" stroke-width=\"2\"\/>\n\t\t\t\t<circle class=\"tb_feature_stroke\" r=\"calc(50% - 1px)\" cx=\"50%\" cy=\"50%\" stroke=\"#AF4596\" stroke-width=\"2\" data-progress=\"100\" stroke-dasharray=\"0,10000\"\/>\n\t\t\t\t\t\t\t\t<\/svg>\n\t\t\t\t\t\t<span class=\"chart-html5-circle tf_w tf_h\">\n\t\t\t\t\t\t\t\t\t\t\t\t\t\t\t<em class=\"module-feature-icon tf_rel\" style=\"color:#AF4596\"><svg  aria-hidden=\"true\" class=\"tf_fa tf-ti-stats-up\"><use href=\"#tf-ti-stats-up\"><\/use><\/svg><\/em>\n\t\t\t\t\t\t\t\t\t\t\t\t   <\/span>\n\t\t\t<\/span>\n\t\t\t    <\/div>\n    <div class=\"module-feature-content tf_textc\">\n\t\t\t\t<div class=\"tb_text_wrap\">\n\t\t\t<h4 style=\"text-align: center;\"><span style=\"color: #af4596;\">COACHING PRO<br \/><br \/><\/span><\/h4>\n<p style=\"text-align: center;\"><strong>Comment vous pr\u00e9parez-vous aux prochains d\u00e9fis\u00a0?<\/strong><\/p>\n<p style=\"text-align: left;\"><span style=\"color: #ff00ff;\"><a style=\"color: #af4596;\" href=\"http:\/\/marylineprouetconseil.com\/index.php\/coachingoffres\/\">Le coaching vous offre un espace et un temps de r\u00e9flexion personnelle pour :<\/a><\/span><\/p>\n<ul>\n<li style=\"text-align: left;\">se reconnecter \u00e0 soi,<\/li>\n<li style=\"text-align: left;\">aller puiser dans ses ressources,<\/li>\n<li style=\"text-align: left;\">redonner du sens \u00e0 l\u2019action,<\/li>\n<li style=\"text-align: left;\">s\u2019accomplir durablement.<\/li>\n<\/ul>\t\t<\/div>\n    <\/div>\n<\/div>\n<!-- \/module feature -->\n\t        <\/div>\n\t    \t<\/div>\n\t\t    <\/div>\n\t<\/div><!-- \/themify_builder_sub_row -->\n\t<!-- module text -->\n<div  class=\"module module-text tb_lobk193   \" data-lazy=\"1\">\n        <div  class=\"tb_text_wrap\">\n    <h3 style=\"text-align: center;\"><span style=\"color: #993366;\"><strong>Certification pour les bilans de comp\u00e9tences<\/strong><\/span><\/h3>    <\/div>\n<\/div>\n<!-- \/module text -->\t<div  data-lazy=\"1\" class=\"module_subrow themify_builder_sub_row tb_bs14636 tf_w tf_clearfix\">\n\t    \t\t<div class=\"subrow_inner col_align_top tf_box tf_w\">\n\t\t\t<div  data-lazy=\"1\" class=\"sub_column module_column tf_box col-full first tb_frzb637\"> \n\t    \t    \t        <div class=\"tb-column-inner tf_box tf_w\">\n\t\t    <!-- module image -->\n<div  class=\"module module-image tb_ic43329   image-top auto_fullwidth tf_mw\" data-lazy=\"1\">\n        <div class=\"image-wrap tf_rel tf_mw\">\n\t\t    <a href=\"https:\/\/marylineprouetconseil.com\/index.php\/bilan-de-competences\/\"\n\t       \t       >\n\t\t   \t\t<img loading=\"lazy\" decoding=\"async\" width=\"874\" height=\"254\" src=\"https:\/\/marylineprouetconseil.com\/wp-content\/uploads\/2024\/09\/Bandeau-marque-illustrator-vMPCC_v4-170924.jpg\" class=\"wp-post-image wp-image-5757\" title=\"Bandeau-marque-illustrator-vMPCC_v4-170924\" alt=\"Maryline Prouet conseil certifi\u00e9 Qualiopi\" srcset=\"https:\/\/marylineprouetconseil.com\/wp-content\/uploads\/2024\/09\/Bandeau-marque-illustrator-vMPCC_v4-170924.jpg 874w, https:\/\/marylineprouetconseil.com\/wp-content\/uploads\/2024\/09\/Bandeau-marque-illustrator-vMPCC_v4-170924-300x87.jpg 300w, https:\/\/marylineprouetconseil.com\/wp-content\/uploads\/2024\/09\/Bandeau-marque-illustrator-vMPCC_v4-170924-768x223.jpg 768w\" sizes=\"auto, (max-width: 874px) 100vw, 874px\" \/>\t    <\/a>\n\t\n\t\t<\/div>\n\t<!-- \/image-wrap -->\n    \n    \t<\/div>\n<!-- \/module image -->\t        <\/div>\n\t    \t<\/div>\n\t\t    <\/div>\n\t<\/div><!-- \/themify_builder_sub_row -->\n\t\t        <\/div>\n\t    \t<\/div>\n\t\t    <\/div>\n\t    <!-- \/row_inner -->\n\t<\/div>\n\t<!-- \/module_row -->\n\t<\/div>\n<!--\/themify_builder_content-->","protected":false},"excerpt":{"rendered":"<p>\u00a0 \u00a0 \u00ab\u00a0Ce n\u2019est pas parce que les choses sont difficiles que nous n\u2019osons pas les faire, c\u2019est parce que nous n\u2019osons pas les faire qu\u2019elles sont difficiles.\u00a0\u00bb S\u00e9n\u00e8que Dirigeants, managers, entrepreneurs,je mets \u00e0 votre service mon exp\u00e9rience professionnelle alli\u00e9e \u00e0 des ressources et valeurs personnelles. Bilan de comp\u00e9tences, Formation et Coaching Trois ressources compl\u00e9mentaires [&hellip;]<\/p>\n","protected":false},"author":1,"featured_media":0,"parent":0,"menu_order":0,"comment_status":"closed","ping_status":"closed","template":"","meta":{"footnotes":""},"class_list":["post-2512","page","type-page","status-publish","hentry","has-post-title","has-post-date","has-post-category","has-post-tag","has-post-comment","has-post-author",""],"builder_content":"<p>\u00a0<\/p><p>\u00a0<\/p><p><strong>\"Ce n\u2019est pas parce que les choses sont difficiles que nous n\u2019osons pas les faire, c\u2019est parce que nous n\u2019osons pas les faire qu\u2019elles sont difficiles.\"<\/strong><\/p><p><em>S\u00e9n\u00e8que<\/em><\/p>\n<h5 style=\"text-align: center;\"><strong><b>Dirigeants, managers, entrepreneurs,<\/b><\/strong><br \/>je mets \u00e0 votre service mon<strong> <a style=\"color: #000000;\" href=\"http:\/\/marylineprouetconseil.com\/index.php\/qui-suis-je\/\">exp\u00e9rience professionnelle<\/a> <\/strong>alli\u00e9e \u00e0 des ressources et valeurs personnelles.<\/h5>\n<h4 style=\"text-align: center;\"><strong>Bilan de comp\u00e9tences, Formation et Coaching<\/strong><\/h4> <p style=\"font-weight: 400; text-align: center;\"><strong>Trois ressources compl\u00e9mentaires<\/strong> <br \/>pour faciliter vos transitions professionnelles,\u00a0<br \/>accompagner vos projets et d\u00e9velopper autonomie individuelle <br \/>ou collective.<\/p>\n<svg> <circle r=\"calc(50% - 1px)\" cx=\"50%\" cy=\"50%\" stroke-width=\"2\"\/> <circle r=\"calc(50% - 1px)\" cx=\"50%\" cy=\"50%\" stroke=\"#F99D33\" stroke-width=\"2\" data-progress=\"100\" stroke-dasharray=\"0,10000\"\/> <\/svg> <em style=\"color:#F99D33\"><svg aria-hidden=\"true\"><use href=\"#tf-far-comments\"><\/use><\/svg><\/em> <h4>Bilan de comp\u00e9tences<br \/><br \/><\/h4> <p style=\"text-align: center;\"><strong>Vous vous interrogez sur votre avenir professionnel ?<\/strong><\/p> <p style=\"text-align: left;\"><a style=\"color: #f99d33;\" href=\"https:\/\/marylineprouetconseil.com\/index.php\/bilan-de-competences\/\">Le bilan de comp\u00e9tences vous permettra :<\/a><\/p> <ul> <li style=\"text-align: left;\">d\u2019analyser vos comp\u00e9tences personnelles et professionnelles, vos aptitudes et vos motivations,<\/li> <li style=\"text-align: left;\">de d\u00e9finir votre projet professionnel et, le cas \u00e9ch\u00e9ant, un projet de formation,<\/li> <li style=\"text-align: left;\">d\u2019utiliser vos atouts pour pouvoir n\u00e9gocier un emploi, une formation ou une \u00e9volution de carri\u00e8re.<\/li> <\/ul> <p>\u00a0<\/p> <p><a href=\"https:\/\/www.moncompteformation.gouv.fr\/espace-prive\/html\/#\/\" target=\"_blank\" rel=\"noopener\"><img loading=\"lazy\" decoding=\"async\" src=\"https:\/\/marylineprouetconseil.com\/wp-content\/uploads\/2022\/01\/CPF-300x300.png\" alt=\"Mon compte formation\" width=\"300\" height=\"300\" srcset=\"https:\/\/marylineprouetconseil.com\/wp-content\/uploads\/2022\/01\/CPF-300x300.png 300w, https:\/\/marylineprouetconseil.com\/wp-content\/uploads\/2022\/01\/CPF-150x150.png 150w, https:\/\/marylineprouetconseil.com\/wp-content\/uploads\/2022\/01\/CPF.png 533w\" sizes=\"auto, (max-width: 300px) 100vw, 300px\" \/><\/a><\/p>\n<svg> <circle r=\"calc(50% - 1px)\" cx=\"50%\" cy=\"50%\" stroke-width=\"2\"\/> <circle r=\"calc(50% - 1px)\" cx=\"50%\" cy=\"50%\" stroke=\"#E86E25\" stroke-width=\"2\" data-progress=\"100\" stroke-dasharray=\"0,10000\"\/> <\/svg> <em style=\"color:#E86E25\"><svg aria-hidden=\"true\"><use href=\"#tf-fas-graduation-cap\"><\/use><\/svg><\/em> <h4 style=\"text-align: center;\">FORMATION<br \/><br \/><\/h4> <p style=\"text-align: left;\"><strong>Comment faites-vous face aux changements ?<\/strong><br \/><a href=\"https:\/\/marylineprouetconseil.com\/index.php\/formation\/\"><br \/>La formation est cl\u00e9 pour approfondir des savoir-faire et ancrer des savoir-\u00eatre\u00a0gr\u00e2ce \u00e0 :<\/a><\/p> <ul> <li style=\"text-align: left;\">une p\u00e9dagogie ludique et dynamique,<\/li> <li style=\"text-align: left;\">une animation stimulante bas\u00e9e sur le plaisir de d\u00e9couvrir et d\u2019\u00e9changer en groupe,<\/li> <li style=\"text-align: left;\">des m\u00e9thodes visuelles pour lib\u00e9rer la cr\u00e9ativit\u00e9,<\/li> <li style=\"text-align: left;\">une approche globale pour faciliter les apprentissages et passer \u00e0 l'action.<\/li> <\/ul>\n<svg> <circle r=\"calc(50% - 1px)\" cx=\"50%\" cy=\"50%\" stroke-width=\"2\"\/> <circle r=\"calc(50% - 1px)\" cx=\"50%\" cy=\"50%\" stroke=\"#AF4596\" stroke-width=\"2\" data-progress=\"100\" stroke-dasharray=\"0,10000\"\/> <\/svg> <em style=\"color:#AF4596\"><svg aria-hidden=\"true\"><use href=\"#tf-ti-stats-up\"><\/use><\/svg><\/em> <h4 style=\"text-align: center;\">COACHING PRO<br \/><br \/><\/h4> <p style=\"text-align: center;\"><strong>Comment vous pr\u00e9parez-vous aux prochains d\u00e9fis\u00a0?<\/strong><\/p> <p style=\"text-align: left;\"><a style=\"color: #af4596;\" href=\"http:\/\/marylineprouetconseil.com\/index.php\/coachingoffres\/\">Le coaching vous offre un espace et un temps de r\u00e9flexion personnelle pour :<\/a><\/p> <ul> <li style=\"text-align: left;\">se reconnecter \u00e0 soi,<\/li> <li style=\"text-align: left;\">aller puiser dans ses ressources,<\/li> <li style=\"text-align: left;\">redonner du sens \u00e0 l\u2019action,<\/li> <li style=\"text-align: left;\">s\u2019accomplir durablement.<\/li> <\/ul>\n<h3 style=\"text-align: center;\"><strong>Certification pour les bilans de comp\u00e9tences<\/strong><\/h3>\n<a href=\"https:\/\/marylineprouetconseil.com\/index.php\/bilan-de-competences\/\" > <img loading=\"lazy\" decoding=\"async\" width=\"874\" height=\"254\" src=\"https:\/\/marylineprouetconseil.com\/wp-content\/uploads\/2024\/09\/Bandeau-marque-illustrator-vMPCC_v4-170924.jpg\" title=\"Bandeau-marque-illustrator-vMPCC_v4-170924\" alt=\"Maryline Prouet conseil certifi\u00e9 Qualiopi\" srcset=\"https:\/\/marylineprouetconseil.com\/wp-content\/uploads\/2024\/09\/Bandeau-marque-illustrator-vMPCC_v4-170924.jpg 874w, https:\/\/marylineprouetconseil.com\/wp-content\/uploads\/2024\/09\/Bandeau-marque-illustrator-vMPCC_v4-170924-300x87.jpg 300w, https:\/\/marylineprouetconseil.com\/wp-content\/uploads\/2024\/09\/Bandeau-marque-illustrator-vMPCC_v4-170924-768x223.jpg 768w\" sizes=\"auto, (max-width: 874px) 100vw, 874px\" \/> <\/a>","_links":{"self":[{"href":"https:\/\/marylineprouetconseil.com\/index.php\/wp-json\/wp\/v2\/pages\/2512","targetHints":{"allow":["GET"]}}],"collection":[{"href":"https:\/\/marylineprouetconseil.com\/index.php\/wp-json\/wp\/v2\/pages"}],"about":[{"href":"https:\/\/marylineprouetconseil.com\/index.php\/wp-json\/wp\/v2\/types\/page"}],"author":[{"embeddable":true,"href":"https:\/\/marylineprouetconseil.com\/index.php\/wp-json\/wp\/v2\/users\/1"}],"replies":[{"embeddable":true,"href":"https:\/\/marylineprouetconseil.com\/index.php\/wp-json\/wp\/v2\/comments?post=2512"}],"version-history":[{"count":77,"href":"https:\/\/marylineprouetconseil.com\/index.php\/wp-json\/wp\/v2\/pages\/2512\/revisions"}],"predecessor-version":[{"id":5773,"href":"https:\/\/marylineprouetconseil.com\/index.php\/wp-json\/wp\/v2\/pages\/2512\/revisions\/5773"}],"wp:attachment":[{"href":"https:\/\/marylineprouetconseil.com\/index.php\/wp-json\/wp\/v2\/media?parent=2512"}],"curies":[{"name":"wp","href":"https:\/\/api.w.org\/{rel}","templated":true}]}}